{"id":2828,"date":"2019-06-13T10:36:05","date_gmt":"2019-06-13T10:36:05","guid":{"rendered":"https:\/\/soundscapestudio.es\/?page_id=2828"},"modified":"2019-06-27T17:12:01","modified_gmt":"2019-06-27T17:12:01","slug":"contacto","status":"publish","type":"page","link":"https:\/\/soundscapestudio.es\/?page_id=2828","title":{"rendered":"Contacto"},"content":{"rendered":"<p>[vc_row bg_type=&#8221;image&#8221; bg_image=&#8221;2845&#8243; color_overlay=&#8221;light&#8221; opacity_overlay=&#8221;60&#8243; header_feature=&#8221;yes&#8221; footer_feature=&#8221;yes&#8221; padding_top=&#8221;200px&#8221; margin_bottom=&#8221;0&#8243; padding_bottom=&#8221;100px&#8221;][vc_column css=&#8221;.vc_custom_1560423158219{padding-right: 20% !important;padding-bottom: 100px !important;padding-left: 20% !important;}&#8221;]<h3 class=\"grve-element grve-align-center grve-title-no-line grve-h3 Proyectamos escuchando Creemos que la percepci\u00f3n del espacio no s\u00f3lo se lleva a cabo con la vista. Nuestra especialidad en dise\u00f1o ac\u00fastico nos permite identificar problemas de entendimiento y uso del espacio al interior y en relaci\u00f3n al medio ambiente y urbano. Entendemos el paisaje y la sostenibilidad como algo esencial a integrar en nuestros proyectos, desde el uso local de los materiales hasta su reciclaje. Escuchamos para percibir el espacio, escuchamos las necesidades del usuario, escuchamos el resultado.\" style=\"margin-bottom: 50px;\"><span>Contacto<\/span><\/h3>[vc_column_text]<\/p>\n<p style=\"text-align: center;\">\u00bfTienes algo en mente?<\/p>\n<p style=\"text-align: center;\">Hay muchas formas formas de colaborar, \u00a0contacta con nosotros para cualquier duda que pueda surgirte, estaremos encantados de atenderte por correo, por tel\u00e9fono o en persona en nuestro estudio.<\/p>\n<p>&nbsp;<\/p>\n<p style=\"text-align: center;\">Si eres una persona activa, con ganas de nuevos retos y lo que quieres es trabajar con nosotros, puedes enviar tu portfolio y tu CV a la direcci\u00f3n de abajo, lo consideraremos sin duda.<\/p>\n<p>[\/vc_column_text][\/vc_column][vc_column width=&#8221;2\/3&#8243;][contact-form-7 id=&#8221;6&#8243;][\/vc_column][vc_column width=&#8221;1\/3&#8243;][vc_widget_sidebar sidebar_id=&#8221;grve-footer-2-sidebar&#8221;][vc_row_inner][vc_column_inner width=&#8221;1\/4&#8243;]<div class=\"grve-element grve-box-icon grve-align-left\" style=\"\"><a href=\"https:\/\/imggra.com\/user\/sss_soundscapestudio\/7620715558\" target=\"_blank\">  <div class=\"grve-icon grve-medium grve-simple grve-no-shape grve-color-primary-1 fa fa-instagram\"><\/div><\/a><\/div>[\/vc_column_inner][vc_column_inner width=&#8221;1\/4&#8243;]<div class=\"grve-element grve-box-icon grve-align-left\" style=\"\"><a href=\"https:\/\/www.linkedin.com\/company\/27249414\/admin\/\" target=\"_blank\">  <div class=\"grve-icon grve-medium grve-simple grve-no-shape grve-color-primary-1 fa fa-linkedin-square\"><\/div><\/a><\/div>[\/vc_column_inner][vc_column_inner width=&#8221;1\/4&#8243;][\/vc_column_inner][vc_column_inner width=&#8221;1\/4&#8243;][\/vc_column_inner][\/vc_row_inner][\/vc_column][\/vc_row]<\/p>\n","protected":false},"excerpt":{"rendered":"<p>[vc_row bg_type=&#8221;image&#8221; bg_image=&#8221;2845&#8243; color_overlay=&#8221;light&#8221; opacity_overlay=&#8221;60&#8243; header_feature=&#8221;yes&#8221; footer_feature=&#8221;yes&#8221; padding_top=&#8221;200px&#8221; margin_bottom=&#8221;0&#8243; padding_bottom=&#8221;100px&#8221;][vc_column css=&#8221;.vc_custom_1560423158219{padding-right: 20% !important;padding-bottom: 100px !important;padding-left: 20% !important;}&#8221;][vc_column_text] \u00bfTienes algo en mente? Hay muchas formas formas de colaborar, \u00a0contacta con nosotros para cualquier duda que pueda surgirte, estaremos encantados de atenderte por correo, por tel\u00e9fono o en persona en nuestro estudio. &nbsp; Si eres una persona [&hellip;]<\/p>\n","protected":false},"author":1,"featured_media":0,"parent":0,"menu_order":0,"comment_status":"closed","ping_status":"closed","template":"","meta":{"footnotes":""},"class_list":["post-2828","page","type-page","status-publish","hentry"],"_links":{"self":[{"href":"https:\/\/soundscapestudio.es\/index.php?rest_route=\/wp\/v2\/pages\/2828","targetHints":{"allow":["GET"]}}],"collection":[{"href":"https:\/\/soundscapestudio.es\/index.php?rest_route=\/wp\/v2\/pages"}],"about":[{"href":"https:\/\/soundscapestudio.es\/index.php?rest_route=\/wp\/v2\/types\/page"}],"author":[{"embeddable":true,"href":"https:\/\/soundscapestudio.es\/index.php?rest_route=\/wp\/v2\/users\/1"}],"replies":[{"embeddable":true,"href":"https:\/\/soundscapestudio.es\/index.php?rest_route=%2Fwp%2Fv2%2Fcomments&post=2828"}],"version-history":[{"count":34,"href":"https:\/\/soundscapestudio.es\/index.php?rest_route=\/wp\/v2\/pages\/2828\/revisions"}],"predecessor-version":[{"id":3039,"href":"https:\/\/soundscapestudio.es\/index.php?rest_route=\/wp\/v2\/pages\/2828\/revisions\/3039"}],"wp:attachment":[{"href":"https:\/\/soundscapestudio.es\/index.php?rest_route=%2Fwp%2Fv2%2Fmedia&parent=2828"}],"curies":[{"name":"wp","href":"https:\/\/api.w.org\/{rel}","templated":true}]}}