{"id":214,"date":"2018-04-18T10:43:46","date_gmt":"2018-04-18T10:43:46","guid":{"rendered":"https:\/\/soundscapestudio.es\/?page_id=214"},"modified":"2021-09-29T09:49:00","modified_gmt":"2021-09-29T09:49:00","slug":"services","status":"publish","type":"page","link":"https:\/\/soundscapestudio.es\/?page_id=214","title":{"rendered":"Servicios"},"content":{"rendered":"<p>[vc_row bg_type=&#8221;image&#8221; color_overlay=&#8221;light&#8221; opacity_overlay=&#8221;60&#8243; header_feature=&#8221;yes&#8221; padding_top=&#8221;200px&#8221; padding_bottom=&#8221;50px&#8221; margin_bottom=&#8221;0&#8243;][vc_column]<h3 class=\"grve-element grve-align-center grve-title-no-line grve-h3\" style=\"margin-bottom: 50px;\"><span>SERVICIOS<\/span><\/h3>[\/vc_column][\/vc_row][vc_row section_type=&#8221;fullwidth-element&#8221; bg_type=&#8221;image&#8221; bg_image=&#8221;252&#8243; bg_image_type=&#8221;parallax&#8221; color_overlay=&#8221;light&#8221; opacity_overlay=&#8221;70&#8243; margin_bottom=&#8221;0&#8243;][vc_column]<div class=\"grve-element grve-image-text grve-animated-item grve-fadeInRight\" style=\"\" data-delay=\"200\"><div class=\"grve-image\"><img loading=\"lazy\" decoding=\"async\" width=\"1200\" height=\"669\" src=\"https:\/\/soundscapestudio.es\/wp-content\/uploads\/2018\/04\/textura1.jpg\" class=\"attachment-full size-full\" alt=\"\" srcset=\"https:\/\/soundscapestudio.es\/wp-content\/uploads\/2018\/04\/textura1.jpg 1200w, https:\/\/soundscapestudio.es\/wp-content\/uploads\/2018\/04\/textura1-300x167.jpg 300w, https:\/\/soundscapestudio.es\/wp-content\/uploads\/2018\/04\/textura1-768x428.jpg 768w, https:\/\/soundscapestudio.es\/wp-content\/uploads\/2018\/04\/textura1-1024x571.jpg 1024w\" sizes=\"auto, (max-width: 1200px) 100vw, 1200px\" \/><\/div>  <div class=\"grve-content grve-align-left\">    <h4>Arquitectura e interiorismo<\/h4>  <p>Dise\u00f1amos espacios con materiales sostenibles e integrados en el paisaje. Seguimos el principio de econom\u00eda circular para intentar aprovechar al m\u00e1ximo los recursos existentes, y nos gusta involucrar al usuario al m\u00e1ximo para ahorrar en costes de instalaci\u00f3n de material. El dise\u00f1o ac\u00fastico es divertido!<\/p>\n<p>Hasta ahora nos dedicamos a vivienda unifamiliar, pero estamos abriendo nuevas v\u00edas AMBIENTANDO COLEGIOS, RESTAURANTES Y CENTROS DE SALUD O TRATAMIENTO, adem\u00e1s del sector residencial, turismo y retail. En definitiva, pensamos que el DISE\u00d1O AC\u00daSTICO DEBE INTEGRARSE DESDE EL INICIO para evitar costes a posteriori.<\/p>  <\/div><\/div>[\/vc_column][\/vc_row][vc_row section_type=&#8221;fullwidth-element&#8221; bg_type=&#8221;image&#8221; bg_image=&#8221;294&#8243; bg_image_type=&#8221;parallax&#8221; color_overlay=&#8221;light&#8221; opacity_overlay=&#8221;60&#8243; margin_bottom=&#8221;0&#8243;][vc_column]<div class=\"grve-element grve-image-text grve-animated-item grve-fadeInLeft\" style=\"\" data-delay=\"200\">  <div class=\"grve-content grve-align-right\">    <h4>Consultor\u00eda de Dise\u00f1o Ac\u00fastico<\/h4>  <p>Somos el punto medio entre arquitectos e ingenieros ac\u00fasticos.<\/p>\n<p>Mediante el uso de materiales ac\u00fasticos naturales proponemos un dise\u00f1o funcional y alternativo del espacio interior y exterior. Ayudamos a los ingenieros a desarrollar un dise\u00f1o ac\u00fastico mediante la ideaci\u00f3n gr\u00e1fica y constructiva, siendo el punto de apoyo t\u00e9cnico y gr\u00e1fico para los arquitectos que necesiten consejo en proyectos donde la ac\u00fastica y el entendimiento de la palabra toma un papel esencial.<\/p>  <\/div><div class=\"grve-image\"><img loading=\"lazy\" decoding=\"async\" width=\"1200\" height=\"669\" src=\"https:\/\/soundscapestudio.es\/wp-content\/uploads\/2018\/04\/textura2.jpg\" class=\"attachment-full size-full\" alt=\"\" srcset=\"https:\/\/soundscapestudio.es\/wp-content\/uploads\/2018\/04\/textura2.jpg 1200w, https:\/\/soundscapestudio.es\/wp-content\/uploads\/2018\/04\/textura2-300x167.jpg 300w, https:\/\/soundscapestudio.es\/wp-content\/uploads\/2018\/04\/textura2-768x428.jpg 768w, https:\/\/soundscapestudio.es\/wp-content\/uploads\/2018\/04\/textura2-1024x571.jpg 1024w\" sizes=\"auto, (max-width: 1200px) 100vw, 1200px\" \/><\/div><\/div>[\/vc_column][\/vc_row][vc_row section_type=&#8221;fullwidth-element&#8221; bg_type=&#8221;image&#8221; bg_image=&#8221;239&#8243; bg_image_type=&#8221;parallax&#8221; color_overlay=&#8221;light&#8221; opacity_overlay=&#8221;70&#8243; margin_bottom=&#8221;0&#8243;][vc_column]<div class=\"grve-element grve-image-text grve-animated-item grve-fadeInRight\" style=\"\" data-delay=\"200\"><div class=\"grve-image\"><img loading=\"lazy\" decoding=\"async\" width=\"1200\" height=\"669\" src=\"https:\/\/soundscapestudio.es\/wp-content\/uploads\/2018\/04\/textura3.jpg\" class=\"attachment-full size-full\" alt=\"\" srcset=\"https:\/\/soundscapestudio.es\/wp-content\/uploads\/2018\/04\/textura3.jpg 1200w, https:\/\/soundscapestudio.es\/wp-content\/uploads\/2018\/04\/textura3-300x167.jpg 300w, https:\/\/soundscapestudio.es\/wp-content\/uploads\/2018\/04\/textura3-768x428.jpg 768w, https:\/\/soundscapestudio.es\/wp-content\/uploads\/2018\/04\/textura3-1024x571.jpg 1024w\" sizes=\"auto, (max-width: 1200px) 100vw, 1200px\" \/><\/div>  <div class=\"grve-content grve-align-left\">    <h4>Consultor\u00eda de Ingenier\u00eda Ac\u00fastica<\/h4>  <p>Hacemos posible la puesta en marcha de locales y otros tipos de proyecto mediante la certificaci\u00f3n ac\u00fastica arquitect\u00f3nica y ambiental.<\/p>\n<p>Ofrecemos consultor\u00eda t\u00e9cnica para proyectos de edificaci\u00f3n mediante cumplimiento de C\u00f3digo T\u00e9cnico de Edificaci\u00f3n y normativas locales.<\/p>  <\/div><\/div>[\/vc_column][\/vc_row][vc_row section_type=&#8221;fullwidth-element&#8221; bg_type=&#8221;image&#8221; bg_image=&#8221;250&#8243; bg_image_type=&#8221;parallax&#8221; color_overlay=&#8221;light&#8221; opacity_overlay=&#8221;70&#8243; margin_bottom=&#8221;0&#8243;][vc_column]<div class=\"grve-element grve-image-text grve-animated-item grve-fadeInLeft\" style=\"\" data-delay=\"200\">  <div class=\"grve-content grve-align-right\">    <h4>Dise\u00f1o de Producto<\/h4>  <p>Tenemos una preferencia especial por el dise\u00f1o de producto que adem\u00e1s sea funcional y sostenible.<\/p>\n<p>De esta idea nace nuestra intenci\u00f3n de producir mobiliario interior y urbano con nuevos materiales ac\u00fasticos , naturales y reciclados que ayuden a bajar el tiempo de reverberaci\u00f3n de las salas o a difractar- reflejar-absorber el sonido en el exterior. Investigamos c\u00f3mo nuevas formas, materiales y dise\u00f1os afectan de una manera indirecta y positiva al ambiente.<\/p>  <\/div><div class=\"grve-image\"><img loading=\"lazy\" decoding=\"async\" width=\"1200\" height=\"669\" src=\"https:\/\/soundscapestudio.es\/wp-content\/uploads\/2018\/04\/textura4.jpg\" class=\"attachment-full size-full\" alt=\"\" srcset=\"https:\/\/soundscapestudio.es\/wp-content\/uploads\/2018\/04\/textura4.jpg 1200w, https:\/\/soundscapestudio.es\/wp-content\/uploads\/2018\/04\/textura4-300x167.jpg 300w, https:\/\/soundscapestudio.es\/wp-content\/uploads\/2018\/04\/textura4-768x428.jpg 768w, https:\/\/soundscapestudio.es\/wp-content\/uploads\/2018\/04\/textura4-1024x571.jpg 1024w\" sizes=\"auto, (max-width: 1200px) 100vw, 1200px\" \/><\/div><\/div>[\/vc_column][\/vc_row][vc_row heading_color=&#8221;light&#8221; section_type=&#8221;fullwidth-element&#8221; bg_type=&#8221;image&#8221; bg_image=&#8221;244&#8243; bg_image_type=&#8221;parallax&#8221; color_overlay=&#8221;dark&#8221; opacity_overlay=&#8221;70&#8243; footer_feature=&#8221;yes&#8221; margin_bottom=&#8221;0&#8243; font_color=&#8221;#ffffff&#8221;][vc_column]<div class=\"grve-element grve-image-text grve-animated-item grve-fadeInRight\" style=\"\" data-delay=\"200\"><div class=\"grve-image\"><img loading=\"lazy\" decoding=\"async\" width=\"1200\" height=\"669\" src=\"https:\/\/soundscapestudio.es\/wp-content\/uploads\/2018\/04\/textura5.jpg\" class=\"attachment-full size-full\" alt=\"\" srcset=\"https:\/\/soundscapestudio.es\/wp-content\/uploads\/2018\/04\/textura5.jpg 1200w, https:\/\/soundscapestudio.es\/wp-content\/uploads\/2018\/04\/textura5-300x167.jpg 300w, https:\/\/soundscapestudio.es\/wp-content\/uploads\/2018\/04\/textura5-768x428.jpg 768w, https:\/\/soundscapestudio.es\/wp-content\/uploads\/2018\/04\/textura5-1024x571.jpg 1024w\" sizes=\"auto, (max-width: 1200px) 100vw, 1200px\" \/><\/div>  <div class=\"grve-content grve-align-left\">    <h4>Investigaci\u00f3n<\/h4>  <p>Tomamos de referencia algunos proyectos que realizamos para sacar conclusiones que poder aplicar a nuevos proyectos.<\/p>\n<p>Mediante la ense\u00f1anza universitaria abrimos nuevas v\u00edas de exploraci\u00f3n y experimentaci\u00f3n en el campo del dise\u00f1o ac\u00fastico, que est\u00e1 emergiendo dentro de las necesidades ambientales en la arquitectura.<\/p>  <\/div><\/div>[\/vc_column][\/vc_row]<\/p>\n","protected":false},"excerpt":{"rendered":"<p>[vc_row bg_type=&#8221;image&#8221; color_overlay=&#8221;light&#8221; opacity_overlay=&#8221;60&#8243; header_feature=&#8221;yes&#8221; padding_top=&#8221;200px&#8221; padding_bottom=&#8221;50px&#8221; margin_bottom=&#8221;0&#8243;][vc_column][\/vc_column][\/vc_row][vc_row section_type=&#8221;fullwidth-element&#8221; bg_type=&#8221;image&#8221; bg_image=&#8221;252&#8243; bg_image_type=&#8221;parallax&#8221; color_overlay=&#8221;light&#8221; opacity_overlay=&#8221;70&#8243; margin_bottom=&#8221;0&#8243;][vc_column][\/vc_column][\/vc_row][vc_row section_type=&#8221;fullwidth-element&#8221; bg_type=&#8221;image&#8221; bg_image=&#8221;294&#8243; bg_image_type=&#8221;parallax&#8221; color_overlay=&#8221;light&#8221; opacity_overlay=&#8221;60&#8243; margin_bottom=&#8221;0&#8243;][vc_column][\/vc_column][\/vc_row][vc_row section_type=&#8221;fullwidth-element&#8221; bg_type=&#8221;image&#8221; bg_image=&#8221;239&#8243; bg_image_type=&#8221;parallax&#8221; color_overlay=&#8221;light&#8221; opacity_overlay=&#8221;70&#8243; margin_bottom=&#8221;0&#8243;][vc_column][\/vc_column][\/vc_row][vc_row section_type=&#8221;fullwidth-element&#8221; bg_type=&#8221;image&#8221; bg_image=&#8221;250&#8243; bg_image_type=&#8221;parallax&#8221; color_overlay=&#8221;light&#8221; opacity_overlay=&#8221;70&#8243; margin_bottom=&#8221;0&#8243;][vc_column][\/vc_column][\/vc_row][vc_row heading_color=&#8221;light&#8221; section_type=&#8221;fullwidth-element&#8221; bg_type=&#8221;image&#8221; bg_image=&#8221;244&#8243; bg_image_type=&#8221;parallax&#8221; color_overlay=&#8221;dark&#8221; opacity_overlay=&#8221;70&#8243; footer_feature=&#8221;yes&#8221; margin_bottom=&#8221;0&#8243; font_color=&#8221;#ffffff&#8221;][vc_column][\/vc_column][\/vc_row]<\/p>\n","protected":false},"author":1,"featured_media":0,"parent":0,"menu_order":0,"comment_status":"closed","ping_status":"closed","template":"","meta":{"footnotes":""},"class_list":["post-214","page","type-page","status-publish","hentry"],"_links":{"self":[{"href":"https:\/\/soundscapestudio.es\/index.php?rest_route=\/wp\/v2\/pages\/214","targetHints":{"allow":["GET"]}}],"collection":[{"href":"https:\/\/soundscapestudio.es\/index.php?rest_route=\/wp\/v2\/pages"}],"about":[{"href":"https:\/\/soundscapestudio.es\/index.php?rest_route=\/wp\/v2\/types\/page"}],"author":[{"embeddable":true,"href":"https:\/\/soundscapestudio.es\/index.php?rest_route=\/wp\/v2\/users\/1"}],"replies":[{"embeddable":true,"href":"https:\/\/soundscapestudio.es\/index.php?rest_route=%2Fwp%2Fv2%2Fcomments&post=214"}],"version-history":[{"count":106,"href":"https:\/\/soundscapestudio.es\/index.php?rest_route=\/wp\/v2\/pages\/214\/revisions"}],"predecessor-version":[{"id":3748,"href":"https:\/\/soundscapestudio.es\/index.php?rest_route=\/wp\/v2\/pages\/214\/revisions\/3748"}],"wp:attachment":[{"href":"https:\/\/soundscapestudio.es\/index.php?rest_route=%2Fwp%2Fv2%2Fmedia&parent=214"}],"curies":[{"name":"wp","href":"https:\/\/api.w.org\/{rel}","templated":true}]}}