{"id":106,"date":"2018-04-16T10:58:45","date_gmt":"2018-04-16T10:58:45","guid":{"rendered":"https:\/\/soundscapestudio.es\/?page_id=106"},"modified":"2021-10-07T11:37:53","modified_gmt":"2021-10-07T11:37:53","slug":"who-we-are","status":"publish","type":"page","link":"https:\/\/soundscapestudio.es\/?page_id=106","title":{"rendered":"Quienes somos"},"content":{"rendered":"<p>[vc_row bg_type=&#8221;image&#8221; bg_image=&#8221;2808&#8243; header_feature=&#8221;yes&#8221; footer_feature=&#8221;yes&#8221; padding_top=&#8221;200px&#8221; padding_bottom=&#8221;100px&#8221;][vc_column css=&#8221;.vc_custom_1560420540860{padding-right: 25% !important;padding-bottom: 0px !important;padding-left: 25% !important;}&#8221;][vc_row_inner css=&#8221;.vc_custom_1560944876295{background-color: rgba(255,255,255,0.01) !important;*background-color: rgb(255,255,255) !important;}&#8221;][vc_column_inner css=&#8221;.vc_custom_1560420574621{padding-top: 55px !important;padding-right: 5% !important;padding-bottom: 10% !important;padding-left: 5% !important;}&#8221;]<h3 class=\"grve-element grve-align-center grve-title-no-line grve-h3\" style=\"margin-bottom: 25px;\"><span>\u00bfQui\u00e9nes somos?<\/span><\/h3>[vc_column_text]<\/p>\n<p style=\"text-align: center;\">Somos SoundScape Studio, dise\u00f1amos ambientes.<\/p>\n<p style=\"text-align: center;\">Creemos en la <strong>arquitectura sostenible<\/strong>\u00a0donde los materiales elegidos son la mejor oportunidad para<strong> investigar, concienciar e integrarse con el entorno.<\/strong><\/p>\n<p style=\"text-align: center;\">Creemos en la <strong>arquitectura orientada al\u00a0 paisaje<\/strong> y abierta a sus posibilidades.<\/p>\n<p style=\"text-align: center;\">Creemos en la <strong>percepci\u00f3n del espacio con los 5 sentidos<\/strong>, entendiendo el dise\u00f1o ac\u00fastico como el el valor funcional que nos ayuda recibir informaci\u00f3n a trav\u00e9s de la escucha.<\/p>\n<p style=\"text-align: center;\">Creemos en definitiva que\u00a0 los paisajes sonoros &#8211; soundscapes- nos ayudan a <strong>conectar varios campos de investigaci\u00f3n<\/strong> en dise\u00f1o, arquitectura, ac\u00fastica y sostenibilidad y por tanto a encontrar las mejores soluciones para cada situaci\u00f3n.<\/p>\n<p style=\"text-align: center;\"><span class=\"lt-line-clamp__line\">SOUNDSCAPE STUDIO ES UN ESTUDIO INTERNACIONAL DE ARQUITECTURA ESPECIALIZADO EN DISE\u00d1O AC\u00daSTICO SOSTENIBLE <\/span><\/p>\n<p style=\"text-align: center;\"><span class=\"lt-line-clamp__line\">e implantado entre Espa\u00f1a y Reino Unido\u00a0<\/span><\/p>\n<p>[\/vc_column_text][\/vc_column_inner][\/vc_row_inner][\/vc_column][\/vc_row][vc_row padding_top=&#8221;40px&#8221; margin_bottom=&#8221;100px&#8221;][vc_column width=&#8221;1\/2&#8243; css=&#8221;.vc_custom_1560957588765{padding-top: 20px !important;padding-right: 5% !important;padding-left: 5% !important;}&#8221;]\r\n\t\t<div class=\"grve-team grve-element grve-animated-item grve-fadeInLeft\" style=\"margin-bottom: 50px;\" data-delay=\"200\">\r\n\t\t\t<figure class=\"grve-image-hover grve-style-1 grve-zoom-in\">\r\n\t\t\t\t<div class=\"grve-team-person grve-media grve-light-overlay grve-opacity-70\">\r\n\t\t\t\t\t<img loading=\"lazy\" decoding=\"async\" width=\"680\" height=\"934\" src=\"https:\/\/soundscapestudio.es\/wp-content\/uploads\/2021\/10\/Laura-Foto-WEB-SIN-FONDO.jpg\" class=\"attachment-large size-large\" alt=\"\" srcset=\"https:\/\/soundscapestudio.es\/wp-content\/uploads\/2021\/10\/Laura-Foto-WEB-SIN-FONDO.jpg 680w, https:\/\/soundscapestudio.es\/wp-content\/uploads\/2021\/10\/Laura-Foto-WEB-SIN-FONDO-218x300.jpg 218w\" sizes=\"auto, (max-width: 680px) 100vw, 680px\" \/>\t\t\t\t<\/div>\r\n\t\t\t\t<figcaption>\r\n\t\t\t\t\t<div class=\"grve-team-description\">\r\n\t\t\t\t\t\t\t\t\t\t\t\t<h6 class=\"grve-team-name grve-light grve-h6\">Laura de Azc\u00e1rate<\/h6>\r\n\t\t\t\t\t\t\t\t\t\t\t\t<small class=\"grve-team-identity grve-light\">ARCHITECT \/ ACOUSTIC DESIGNER<\/small>\r\n\t\t\t\t\t<\/div>\r\n\t\t\t\t\t\t\t\t\t\t<div class=\"grve-team-social grve-team-social-text grve-light\">\r\n\t\t\t\t\t\t<ul>\r\n\t\t\t\t\t\t\t<li><a href=\"https:\/\/www.linkedin.com\/in\/lauradeazcarate\/\" target=\"_blank\" rel=\"noopener noreferrer\">Linkedin<\/a><\/li><li><a href=\"mailto:la&#117;&#114;&#97;&#100;e&#97;&#122;&#99;arate&#64;&#115;o&#117;&#110;&#100;&#115;c&#97;&#112;&#101;&#115;&#116;u&#100;i&#111;.es\">E-mail<\/a><\/li>\t\t\t\t\t\t<\/ul>\r\n\t\t\t\t\t<\/div>\r\n\t\t\t\t\t\t\t\t\t<\/figcaption>\r\n\t\t\t<\/figure>\r\n\t\t<\/div>\r\n\r\n\t\t[vc_column_text animation=&#8221;fadeInLeft&#8221;]Laura es <strong>arquitecta y dise\u00f1adora ac\u00fastica<\/strong>,<strong> fundadora de <em>SoundScape Studio<\/em> <\/strong>en Madrid. Persigue una carrera de dise\u00f1o internacional tratando de fusionar arquitectura, ac\u00fastica, sostenibilidad e investigaci\u00f3n.<\/p>\n<p>Con <strong>experiencia internacional en Espa\u00f1a, B\u00e9lgica, Canad\u00e1 y el Reino Unido<\/strong>, combin\u00f3 su <strong>grado en Arquitectura<\/strong> con <strong>formaci\u00f3n musical en el conservatorio<\/strong> para desarrollarse como una persona sensible y t\u00e9cnica. Despu\u00e9s de terminar su licenciatura en Arquitectura en la Escuela Polit\u00e9cnica Superior de la Universidad San Pablo CEU Madrid -EPS USP CEU- y hacer\u00a0 pr\u00e1cticas en Arquitectura en Madrid (Espa\u00f1a), trabaj\u00f3 como <strong>arquitecta junior en Vancouver (Canad\u00e1)<\/strong> en el campo de la Restauraci\u00f3n, y tambi\u00e9n en Sostenibilidad dentro de la firma Perkins + Will. Cuando descubri\u00f3 su inter\u00e9s en el dise\u00f1o ac\u00fastico en 2015, se traslad\u00f3 a <strong>Londres (Reino Unido)<\/strong> para completar sus estudios con un <strong>Master (MSc) en Ac\u00fastica Ambiental y Arquitect\u00f3nica<\/strong> en London South Bank University (LSBU),donde desarroll\u00f3 su tesis final de master &#8220;Una alternativa sostenible de dise\u00f1o ac\u00fastico a los muros verdes&#8221;, con el objetivo de lograr la mejor investigaci\u00f3n en dise\u00f1o con materiales reciclables y sostenibles como un enlace entre diferentes disciplinas. En 2016, comenz\u00f3 su carrera en Dise\u00f1o ac\u00fastico en el Environmental Design Studio (oficina de Londres) de BDP, colaborando en estrategias de dise\u00f1o ac\u00fastico y participando en proyectos internacionales como el Nuevo Centro de Investigaci\u00f3n y Desarrollo de <strong>AstraZeneca, Cambridge (Herzog &amp; De Meuron<\/strong>).<\/p>\n<p>Actualmente, es <strong>fundadora de Soundscape Studio<\/strong> , un estudio\u00a0 internacional especializado en\u00a0 arquitectura sostenible y dise\u00f1o ac\u00fastico. Miembro asociado del\u00a0Intitute of Acoustics (AMIOA) y registrada ARB en Reino Unido, as\u00ed como miembro de la Sociedad Espa\u00f1ola de Ac\u00fastica (SEA) y colegiada COAM en Espa\u00f1a,\u00a0 contin\u00faa tambi\u00e9n su <strong>experiencia acad\u00e9mica e investigaci\u00f3n en la Architectural Association School of Architecture en Londres<\/strong>, como profesora titular de dise\u00f1o ac\u00fastico para estudiantes de arquitectura.[\/vc_column_text][\/vc_column][vc_column width=&#8221;1\/2&#8243; css=&#8221;.vc_custom_1560957600610{padding-top: 20px !important;padding-right: 5% !important;padding-left: 5% !important;}&#8221;]\r\n\t\t<div class=\"grve-team grve-element grve-animated-item grve-fadeInLeft\" style=\"margin-bottom: 50px;\" data-delay=\"200\">\r\n\t\t\t<figure class=\"grve-image-hover grve-style-1 grve-zoom-in\">\r\n\t\t\t\t<div class=\"grve-team-person grve-media grve-light-overlay grve-opacity-70\">\r\n\t\t\t\t\t<img loading=\"lazy\" decoding=\"async\" width=\"680\" height=\"934\" src=\"https:\/\/soundscapestudio.es\/wp-content\/uploads\/2021\/10\/Macarena-Foto-WEB-SIN-FONDO.jpg\" class=\"attachment-large size-large\" alt=\"\" srcset=\"https:\/\/soundscapestudio.es\/wp-content\/uploads\/2021\/10\/Macarena-Foto-WEB-SIN-FONDO.jpg 680w, https:\/\/soundscapestudio.es\/wp-content\/uploads\/2021\/10\/Macarena-Foto-WEB-SIN-FONDO-218x300.jpg 218w\" sizes=\"auto, (max-width: 680px) 100vw, 680px\" \/>\t\t\t\t<\/div>\r\n\t\t\t\t<figcaption>\r\n\t\t\t\t\t<div class=\"grve-team-description\">\r\n\t\t\t\t\t\t\t\t\t\t\t\t<h6 class=\"grve-team-name grve-light grve-h6\">Macarena Santos<\/h6>\r\n\t\t\t\t\t\t\t\t\t\t\t\t<small class=\"grve-team-identity grve-light\">INTERIOR ARCHITECT \/ DESIGNER<\/small>\r\n\t\t\t\t\t<\/div>\r\n\t\t\t\t\t\t\t\t\t\t<div class=\"grve-team-social grve-team-social-text grve-light\">\r\n\t\t\t\t\t\t<ul>\r\n\t\t\t\t\t\t\t<li><a href=\"mailto:m&#97;&#99;ar&#101;na&#115;antos&#64;so&#117;n&#100;&#115;ca&#112;&#101;stud&#105;&#111;.&#101;s\">E-mail<\/a><\/li>\t\t\t\t\t\t<\/ul>\r\n\t\t\t\t\t<\/div>\r\n\t\t\t\t\t\t\t\t\t<\/figcaption>\r\n\t\t\t<\/figure>\r\n\t\t<\/div>\r\n\r\n\t\t[vc_column_text animation=&#8221;fadeInLeft&#8221;]Macarena es <strong>dise\u00f1adora y\u00a0<\/strong> <strong>arquitecta de interiores, co-fundadora de <em>SoundScape Studio<\/em><\/strong>, en Madrid.\u00a0 Con el punto de mira en los espacios infantiles y las nuevas tendencias, su objetivo es que el estilo, la decoraci\u00f3n y la organizaci\u00f3n espacial llegue a ser una se\u00f1a de identidad del espacio interior.<\/p>\n<p>Empez\u00f3 a formarse\u00a0 en <strong>Pedagog\u00eda en 2011 Madrid<\/strong> por su inter\u00e9s en la educaci\u00f3n infantil cuando por razones personales tuvo que trasladarse\u00a0 a <strong>U.S.A<\/strong>, donde decidi\u00f3 formarse en el<strong> dise\u00f1o de interiores<\/strong>\u00a0 en la University of Houston. Tras finalizar sus estudios volvi\u00f3 a<strong> Madrid\u00a0 en 2015<\/strong> donde decidi\u00f3 afianzar de una manera m\u00e1s t\u00e9cnica y multifuncional su gusto por el interiorismo. <strong>El grado de Arquitectura de Interiores<\/strong> en la Escuela T\u00e9cnica Superior de Arquitectura de Madrid (UPM) complet\u00f3 su perfil como dise\u00f1adora, estilista y t\u00e9cnica.<\/p>\n<p>Desde que inici\u00f3\u00a0 su formaci\u00f3n como<strong> interiorista<\/strong>,\u00a0 quiso comenzar\u00a0 su andadura laboral al mismo tiempo en el estudio de interiores Simetrika, en Madrid con el que adquiri\u00f3 m\u00e1s de <strong>cinco a\u00f1os de experiencia en el sector<\/strong> de vivienda privada. Dise\u00f1ando y realizando los proyectos desde cero con los clientes, para cuidar hasta el \u00faltimo detalle, hasta conseguir un dise\u00f1o en el que la arquitectura y el interiorismo est\u00e1n en perfecto equilibrio.<\/p>\n<p>En el presente , se ha embarcado como\u00a0 nueva incorporaci\u00f3n a nuestro estudio para trabajar mano a mano en la investigaci\u00f3n de nuevos materiales y dise\u00f1os de productos. Fusionar la arquitectura y el interiorismo con las nuevas tendencias de dise\u00f1o ac\u00fastico sostenible, reduciendo costes para hacer de este algo\u00a0 asequible para el cliente, es algo clave en su vocaci\u00f3n.[\/vc_column_text][\/vc_column][\/vc_row][vc_row][vc_column]<h3 class=\"grve-element grve-align-center grve-title-no-line grve-h3\" style=\"margin-bottom: 80px;\"><span>Otros colaboradores<\/span><\/h3>[\/vc_column][\/vc_row][vc_row][vc_column width=&#8221;1\/4&#8243;]<div class=\"grve-element grve-image grve-align-center\" style=\"\"><img loading=\"lazy\" decoding=\"async\" width=\"499\" height=\"466\" src=\"https:\/\/soundscapestudio.es\/wp-content\/uploads\/2020\/02\/Ricardo-Sanles-bn.png\" class=\"attachment-full size-full\" alt=\"\" srcset=\"https:\/\/soundscapestudio.es\/wp-content\/uploads\/2020\/02\/Ricardo-Sanles-bn.png 499w, https:\/\/soundscapestudio.es\/wp-content\/uploads\/2020\/02\/Ricardo-Sanles-bn-300x280.png 300w\" sizes=\"auto, (max-width: 499px) 100vw, 499px\" \/><\/div>[\/vc_column][vc_column width=&#8221;3\/4&#8243; css=&#8221;.vc_custom_1582539548743{margin-bottom: 30px !important;}&#8221;][vc_column_text]<\/p>\n<h4>Ricardo Sanles<\/h4>\n<p>Ricardo Sanles es un Ingeniero ac\u00fastico, Ingeniero t\u00e9cnico de sonido, miembro del\u00a0 Institute of Acoustics (MIOA), y miembro de the Audio Engineering Society of America (MAES). Form\u00f3 parte del equipo de ac\u00fastica de\u00a0 BDP\u2019s Environmental Design Studio en Londres, y es actualmente consultor ac\u00fastico para varias empresas multinacionales e instituciones. Ha trabajado en el campo de la ac\u00fastica durante 23 a\u00f1os, periodo enfocado a\u00a0 hacer evaluaciones de ruido, dise\u00f1o y fabricaci\u00f3n de elementos ac\u00fasticos para industrias de aserraderos, exposici\u00f3n al ruido ocupacional y correcciones de inteligibilidad para espacios grandes. Ricardo ha acumulado una amplia experiencia tanto en control de ruido industrial como en implementaci\u00f3n electroac\u00fastica, cubriendo presupuestos, compras y brindando soluciones.<\/p>\n<p>La experiencia internacional de Ricardo (Chile, Espa\u00f1a y el Reino Unido) desarrollando sistemas de sonido instalados, tratamientos ac\u00fasticos para casas de culto, aulas, auditorios, hospitales, estudios privados de producci\u00f3n y salas de escucha cr\u00edticas aporta la combinaci\u00f3n perfecta con nuestro equipo de arquitectos para dise\u00f1ar las mejores soluciones desde una base t\u00e9cnica adecuada.[\/vc_column_text][\/vc_column][\/vc_row][vc_row][vc_column width=&#8221;1\/4&#8243;]<div class=\"grve-element grve-image grve-align-center\" style=\"\"><img loading=\"lazy\" decoding=\"async\" width=\"1244\" height=\"1244\" src=\"https:\/\/soundscapestudio.es\/wp-content\/uploads\/2020\/10\/Juan-Pablo-Rozo.jpg\" class=\"attachment-full size-full\" alt=\"\" srcset=\"https:\/\/soundscapestudio.es\/wp-content\/uploads\/2020\/10\/Juan-Pablo-Rozo.jpg 1244w, https:\/\/soundscapestudio.es\/wp-content\/uploads\/2020\/10\/Juan-Pablo-Rozo-150x150.jpg 150w, https:\/\/soundscapestudio.es\/wp-content\/uploads\/2020\/10\/Juan-Pablo-Rozo-300x300.jpg 300w, https:\/\/soundscapestudio.es\/wp-content\/uploads\/2020\/10\/Juan-Pablo-Rozo-768x768.jpg 768w, https:\/\/soundscapestudio.es\/wp-content\/uploads\/2020\/10\/Juan-Pablo-Rozo-1024x1024.jpg 1024w, https:\/\/soundscapestudio.es\/wp-content\/uploads\/2020\/10\/Juan-Pablo-Rozo-80x80.jpg 80w, https:\/\/soundscapestudio.es\/wp-content\/uploads\/2020\/10\/Juan-Pablo-Rozo-560x560.jpg 560w, https:\/\/soundscapestudio.es\/wp-content\/uploads\/2020\/10\/Juan-Pablo-Rozo-1120x1120.jpg 1120w\" sizes=\"auto, (max-width: 1244px) 100vw, 1244px\" \/><\/div>[\/vc_column][vc_column width=&#8221;3\/4&#8243; css=&#8221;.vc_custom_1582539548743{margin-bottom: 30px !important;}&#8221;][vc_column_text]<\/p>\n<h4>Juan Pablo Rozo<\/h4>\n<p>Juan Pablo es arquitecto con 18 a\u00f1os de experiencia en dise\u00f1o ac\u00fastico y de teatros; m\u00e1ster en Ac\u00fastica Arquitect\u00f3nica y Medioambiental de la Universidad Ram\u00f3n Llull de Barcelona.\u00a0Ha ense\u00f1ado ac\u00fastica arquitect\u00f3nica en la Universidad Istmus de Panam\u00e1, ha sido jurado de tesis de la Universidad Javeriana de Colombia, profesor de posgrado de la Universidad Piloto de Colombia y conferencista en ac\u00fastica y arquitectura teatral en la Universidad de los Andes y el Bogot\u00e1 Music Market BOmm. Cuenta con una amplia experiencia como dise\u00f1ador especialista en espacios de uso sinf\u00f3nico y conchas ac\u00fasticas con importantes proyectos en M\u00e9xico, Colombia, Venezuela, Costa Rica, Per\u00fa y Ecuador. Se ha desempe\u00f1ado como interventor de la Secretar\u00eda de Cultura de Bogot\u00e1 y Medell\u00edn para el mejoramiento de la infraestructura de cada ciudad.<\/p>\n<p>El lideradgo de Juan Pablo\u00a0 como Arquitecto, Consultor Ac\u00fastico Senior \/ Dise\u00f1ador Teatral en proyectos como el Teatro de Loja en Ecuador, Auditorio Filarm\u00f3nico en La Universidad Eafit de Medell\u00edn, Teatro Nazas en M\u00e9xico, Teatro de la Opera en Venezuela y su reciente direcci\u00f3n en la adecuaci\u00f3n de la concha ac\u00fastica en el Auditorio de Tenerife aporta la experiencia necesaria en ac\u00fastica esc\u00e9nica en nuestro equipo de arquitectos y dise\u00f1adores para encabezar\u00a0 proyectos de prestigio y enfocar nuestro objetivo con una proyecci\u00f3n internacional. Su profunda comprensi\u00f3n de este tipo de espacios en \u00e1mbitos t\u00e9cnicos, funcionales y est\u00e9ticos y sus logros en consultor\u00eda teatral incluyen espacios nuevos y renovados para instalaciones profesionales y educativas[\/vc_column_text][\/vc_column][\/vc_row][vc_row][vc_column width=&#8221;1\/4&#8243;]<div class=\"grve-element grve-image grve-align-center\" style=\"\"><img loading=\"lazy\" decoding=\"async\" width=\"242\" height=\"242\" src=\"https:\/\/soundscapestudio.es\/wp-content\/uploads\/2020\/02\/EDUARDO-CHAMORRO.png\" class=\"attachment-full size-full\" alt=\"\" srcset=\"https:\/\/soundscapestudio.es\/wp-content\/uploads\/2020\/02\/EDUARDO-CHAMORRO.png 242w, https:\/\/soundscapestudio.es\/wp-content\/uploads\/2020\/02\/EDUARDO-CHAMORRO-150x150.png 150w, https:\/\/soundscapestudio.es\/wp-content\/uploads\/2020\/02\/EDUARDO-CHAMORRO-80x80.png 80w\" sizes=\"auto, (max-width: 242px) 100vw, 242px\" \/><\/div>[\/vc_column][vc_column width=&#8221;3\/4&#8243; css=&#8221;.vc_custom_1582539518199{margin-bottom: 30px !important;}&#8221;][vc_column_text]<\/p>\n<h4>Eduardo Chamorro<\/h4>\n<p>Eduardo Chamorro es arquitecto e investigador, trabaja con el objetivo de demostrar que la tecnolog\u00eda puede transformar la arquitectura y su proceso para mejorar la calidad de vida. Con un Master en Arquitectura por la Universidad San Pablo CEU en Madrid (Espa\u00f1a), un diploma Fab Lab Academy en Fabricaci\u00f3n Digital por eFab Lab Network\u00a0 y un Master\u00a0 en\u00a0 Advanced Architecture from IAAC (Espa\u00f1a) con especialidad en Fabricaci\u00f3n Digital, materialidad y nuevas metodolog\u00edas de dise\u00f1o.\u00a0 Su experiencia\u00a0 como director e investigador en el Fab Lab Seoul, CEU University y Fab Lab Madrid , siempre\u00a0 est\u00e1 interesado en alcanzar arquitectura innovadora que resuelva y se adapte a nuevas necesidades sociales.<\/p>\n<p>Como experto en Fabricaci\u00f3n Digital, Eduardo aporta su experiencia en adaptaci\u00f3n de producto ac\u00fastico a locales comerciales integrando el dise\u00f1o interior con la m\u00e1s adecuada funcionalidad del espacio[\/vc_column_text][\/vc_column][\/vc_row][vc_row][vc_column width=&#8221;1\/4&#8243;]<div class=\"grve-element grve-image grve-align-center\" style=\"\"><img loading=\"lazy\" decoding=\"async\" width=\"2439\" height=\"2259\" src=\"https:\/\/soundscapestudio.es\/wp-content\/uploads\/2020\/02\/Pablo-bn.jpg\" class=\"attachment-full size-full\" alt=\"\" srcset=\"https:\/\/soundscapestudio.es\/wp-content\/uploads\/2020\/02\/Pablo-bn.jpg 2439w, https:\/\/soundscapestudio.es\/wp-content\/uploads\/2020\/02\/Pablo-bn-300x278.jpg 300w, https:\/\/soundscapestudio.es\/wp-content\/uploads\/2020\/02\/Pablo-bn-768x711.jpg 768w, https:\/\/soundscapestudio.es\/wp-content\/uploads\/2020\/02\/Pablo-bn-1024x948.jpg 1024w, https:\/\/soundscapestudio.es\/wp-content\/uploads\/2020\/02\/Pablo-bn-1920x1778.jpg 1920w\" sizes=\"auto, (max-width: 2439px) 100vw, 2439px\" \/><\/div>[\/vc_column][vc_column width=&#8221;3\/4&#8243; css=&#8221;.vc_custom_1582539513328{margin-bottom: 30px !important;}&#8221;][vc_column_text]<\/p>\n<h4>Pablo Alarc\u00f3<\/h4>\n<p>Pablo Alarc\u00f3 es un arquitecto y project manager . La \u00faltima parte de su carrera se ha centr\u00f3 en ampliar sus conocimientos en temas de inversi\u00f3n y gesti\u00f3n inmobiliaria. Complet\u00f3 la carrera de Arquitectura en la Escuela T\u00e9cnica Superior de Arquitectura de Madrid -ETSAM- y se traslad\u00f3 a Londres para trabajar en el estudio DOS Architects como gestor de proyectos y gestor de licencias para INDITEX. Se encarg\u00f3 de la gesti\u00f3n de reformas en tiendas existentes y apertura de nuevas tiendas de la marca en todo Reino Unido incluyendo el Zara m\u00e1s grande del pa\u00eds, situado en Londres, y el primer Zara con una tienda automatizada en el mundo. Tras ese periodo sigui\u00f3 trabajando para otras marcas como Mango y Dentix en la gesti\u00f3n de la apertura de nuevas tiendas en Reino Unido.<\/p>\n<p>Volvi\u00f3 a Espa\u00f1a con el objetivo de implementar su conocimiento en gesti\u00f3n inmobiliaria. Empez\u00f3 trabajando como consultor en Aura Real Estate Experts y en el presente trabaja con nosotros para dar a nuestros clientes el mejor asesoramiento inmobiliario para alcanzar los mejores resultados.[\/vc_column_text][\/vc_column][\/vc_row][vc_row][vc_column width=&#8221;1\/4&#8243;]<div class=\"grve-element grve-image grve-align-center\" style=\"\"><img loading=\"lazy\" decoding=\"async\" width=\"452\" height=\"86\" src=\"https:\/\/soundscapestudio.es\/wp-content\/uploads\/2019\/06\/sanles.jpg\" class=\"attachment-full size-full\" alt=\"\" srcset=\"https:\/\/soundscapestudio.es\/wp-content\/uploads\/2019\/06\/sanles.jpg 452w, https:\/\/soundscapestudio.es\/wp-content\/uploads\/2019\/06\/sanles-300x57.jpg 300w\" sizes=\"auto, (max-width: 452px) 100vw, 452px\" \/><\/div>[\/vc_column][vc_column width=&#8221;1\/4&#8243;]<div class=\"grve-element grve-image grve-align-center\" style=\"\"><img loading=\"lazy\" decoding=\"async\" width=\"1326\" height=\"468\" src=\"https:\/\/soundscapestudio.es\/wp-content\/uploads\/2020\/10\/logo-arquitorium.jpg\" class=\"attachment-full size-full\" alt=\"\" srcset=\"https:\/\/soundscapestudio.es\/wp-content\/uploads\/2020\/10\/logo-arquitorium.jpg 1326w, https:\/\/soundscapestudio.es\/wp-content\/uploads\/2020\/10\/logo-arquitorium-300x106.jpg 300w, https:\/\/soundscapestudio.es\/wp-content\/uploads\/2020\/10\/logo-arquitorium-768x271.jpg 768w, https:\/\/soundscapestudio.es\/wp-content\/uploads\/2020\/10\/logo-arquitorium-1024x361.jpg 1024w\" sizes=\"auto, (max-width: 1326px) 100vw, 1326px\" \/><\/div>[\/vc_column][vc_column width=&#8221;1\/4&#8243;]<div class=\"grve-element grve-image grve-align-center\" style=\"\"><img loading=\"lazy\" decoding=\"async\" width=\"667\" height=\"156\" src=\"https:\/\/soundscapestudio.es\/wp-content\/uploads\/2019\/06\/logo-tipografico-negro.png\" class=\"attachment-full size-full\" alt=\"\" srcset=\"https:\/\/soundscapestudio.es\/wp-content\/uploads\/2019\/06\/logo-tipografico-negro.png 667w, https:\/\/soundscapestudio.es\/wp-content\/uploads\/2019\/06\/logo-tipografico-negro-300x70.png 300w\" sizes=\"auto, (max-width: 667px) 100vw, 667px\" \/><\/div>[\/vc_column][vc_column width=&#8221;1\/4&#8243;]<div class=\"grve-element grve-image grve-align-center\" style=\"\"><img loading=\"lazy\" decoding=\"async\" width=\"1180\" height=\"452\" src=\"https:\/\/soundscapestudio.es\/wp-content\/uploads\/2019\/06\/logo-con-arquitectura-y-dise\u00f1o.png\" class=\"attachment-full size-full\" alt=\"\" srcset=\"https:\/\/soundscapestudio.es\/wp-content\/uploads\/2019\/06\/logo-con-arquitectura-y-dise\u00f1o.png 1180w, https:\/\/soundscapestudio.es\/wp-content\/uploads\/2019\/06\/logo-con-arquitectura-y-dise\u00f1o-300x115.png 300w, https:\/\/soundscapestudio.es\/wp-content\/uploads\/2019\/06\/logo-con-arquitectura-y-dise\u00f1o-768x294.png 768w, https:\/\/soundscapestudio.es\/wp-content\/uploads\/2019\/06\/logo-con-arquitectura-y-dise\u00f1o-1024x392.png 1024w\" sizes=\"auto, (max-width: 1180px) 100vw, 1180px\" \/><\/div>[\/vc_column][\/vc_row]<\/p>\n","protected":false},"excerpt":{"rendered":"<p>[vc_row bg_type=&#8221;image&#8221; bg_image=&#8221;2808&#8243; header_feature=&#8221;yes&#8221; footer_feature=&#8221;yes&#8221; padding_top=&#8221;200px&#8221; padding_bottom=&#8221;100px&#8221;][vc_column css=&#8221;.vc_custom_1560420540860{padding-right: 25% !important;padding-bottom: 0px !important;padding-left: 25% !important;}&#8221;][vc_row_inner css=&#8221;.vc_custom_1560944876295{background-color: rgba(255,255,255,0.01) !important;*background-color: rgb(255,255,255) !important;}&#8221;][vc_column_inner css=&#8221;.vc_custom_1560420574621{padding-top: 55px !important;padding-right: 5% !important;padding-bottom: 10% !important;padding-left: 5% !important;}&#8221;][vc_column_text] Somos SoundScape Studio, dise\u00f1amos ambientes. Creemos en la arquitectura sostenible\u00a0donde los materiales elegidos son la mejor oportunidad para investigar, concienciar e integrarse con el entorno. Creemos en [&hellip;]<\/p>\n","protected":false},"author":1,"featured_media":0,"parent":0,"menu_order":0,"comment_status":"closed","ping_status":"closed","template":"","meta":{"footnotes":""},"class_list":["post-106","page","type-page","status-publish","hentry"],"_links":{"self":[{"href":"https:\/\/soundscapestudio.es\/index.php?rest_route=\/wp\/v2\/pages\/106","targetHints":{"allow":["GET"]}}],"collection":[{"href":"https:\/\/soundscapestudio.es\/index.php?rest_route=\/wp\/v2\/pages"}],"about":[{"href":"https:\/\/soundscapestudio.es\/index.php?rest_route=\/wp\/v2\/types\/page"}],"author":[{"embeddable":true,"href":"https:\/\/soundscapestudio.es\/index.php?rest_route=\/wp\/v2\/users\/1"}],"replies":[{"embeddable":true,"href":"https:\/\/soundscapestudio.es\/index.php?rest_route=%2Fwp%2Fv2%2Fcomments&post=106"}],"version-history":[{"count":179,"href":"https:\/\/soundscapestudio.es\/index.php?rest_route=\/wp\/v2\/pages\/106\/revisions"}],"predecessor-version":[{"id":3811,"href":"https:\/\/soundscapestudio.es\/index.php?rest_route=\/wp\/v2\/pages\/106\/revisions\/3811"}],"wp:attachment":[{"href":"https:\/\/soundscapestudio.es\/index.php?rest_route=%2Fwp%2Fv2%2Fmedia&parent=106"}],"curies":[{"name":"wp","href":"https:\/\/api.w.org\/{rel}","templated":true}]}}